{"id":8,"date":"2021-10-19T17:03:52","date_gmt":"2021-10-19T17:03:52","guid":{"rendered":"https:\/\/listinghive.hivepress.io\/?page_id=8"},"modified":"2025-08-19T21:04:43","modified_gmt":"2025-08-19T19:04:43","slug":"home","status":"publish","type":"page","link":"https:\/\/bf.gongonneur.com\/","title":{"rendered":"Home"},"content":{"rendered":"\n<h1 class=\"wp-block-heading has-text-align-center\">Petites-Annonces au BURKINA.<\/h1>\n\n\n\n<p class=\"has-text-align-center has-black-color has-text-color has-link-color has-medium-font-size wp-elements-8e98c13d5dbd88fcc3509959e4f4f931\">Recherch\u00e9, c\u2019est retrouv\u00e9 !<br>Paru, c\u2019est aussit\u00f4t vendu !<\/p>\n\n\n\n<!--more-->\n<!--noteaser-->\n\n\n <form class=\"hp-form--wide hp-form--primary hp-block hp-form hp-form--listing-search\" action=\"https:\/\/bf.gongonneur.com\" method=\"GET\" data-component=\"form\"><div class=\"hp-form__messages\" data-component=\"messages\"><\/div><div class=\"hp-form__fields\"><input type=\"hidden\" name=\"post_type\" value=\"hp_listing\" class=\"hp-field hp-field--hidden\"><input type=\"hidden\" name=\"latitude\" value=\"\" data-coordinate=\"lat\" class=\"hp-field hp-field--hidden\"><input type=\"hidden\" name=\"longitude\" value=\"\" data-coordinate=\"lng\" class=\"hp-field hp-field--hidden\"><select name=\"_category\" class=\"hp-field hp-field--hidden\"><option value=\"\">Toutes les cat\u00e9gories<\/option><option value=\"52\">Immobilier<\/option><option value=\"77\" data-level=\"1\" data-parent=\"52\">Vente immobili\u00e8re<\/option><option value=\"135\" data-level=\"2\" data-parent=\"77\">Vente Appartement<\/option><option value=\"78\" data-level=\"2\" data-parent=\"77\">Vente Maison\/carr\u00e9\/villa, etc<\/option><option value=\"79\" data-level=\"2\" data-parent=\"77\">Vente Terrain\/champ\/ferme\/etc<\/option><option value=\"128\" data-level=\"2\" data-parent=\"77\">Location saisonni\u00e8re<\/option><option value=\"137\" data-level=\"2\" data-parent=\"77\">Vente Bureau &amp; commerce<\/option><option value=\"138\" data-level=\"2\" data-parent=\"77\">vente de Parking<\/option><option value=\"136\" data-level=\"2\" data-parent=\"77\">vente Autres locations immobili\u00e8res<\/option><option value=\"53\" data-level=\"1\" data-parent=\"52\">Location immobili\u00e8re<\/option><option value=\"125\" data-level=\"2\" data-parent=\"53\">Location Appartement<\/option><option value=\"54\" data-level=\"2\" data-parent=\"53\">Location Maison\/carr\u00e9\/villa, etc<\/option><option value=\"57\" data-level=\"2\" data-parent=\"53\">Location Terrain\/champ\/ferme\/etc<\/option><option value=\"110\" data-level=\"2\" data-parent=\"53\">Co-location<\/option><option value=\"56\" data-level=\"2\" data-parent=\"53\">Location saisonni\u00e8re<\/option><option value=\"127\" data-level=\"2\" data-parent=\"53\">Location Bureau &amp; commerce<\/option><option value=\"55\" data-level=\"2\" data-parent=\"53\">Location Parking<\/option><option value=\"126\" data-level=\"2\" data-parent=\"53\">Location Autres locations immobili\u00e8res<\/option><option value=\"75\">V\u00e9hicule<\/option><option value=\"84\" data-level=\"1\" data-parent=\"75\">Voiture &amp; accessoires<\/option><option value=\"103\" data-level=\"1\" data-parent=\"75\">Camion &amp; accessoires<\/option><option value=\"134\" data-level=\"1\" data-parent=\"75\">Utilitaire &amp; accessoires<\/option><option value=\"76\" data-level=\"1\" data-parent=\"75\">V\u00e9lo, trottinette, moto et tricycle, etc &amp; accessoires<\/option><option value=\"104\" data-level=\"1\" data-parent=\"75\">Caravaning &amp; accessoires<\/option><option value=\"131\" data-level=\"1\" data-parent=\"75\">Nautisme &amp; accessoires<\/option><option value=\"96\" data-level=\"1\" data-parent=\"75\">Autres v\u00e9hicules &amp; accessoires<\/option><option value=\"133\" data-level=\"1\" data-parent=\"75\">Tout service li\u00e9 au v\u00e9hicule<\/option><option value=\"51\">Emploi\/Job<\/option><option value=\"62\" data-level=\"1\" data-parent=\"51\">Offre d&#039;emploi<\/option><option value=\"114\" data-level=\"1\" data-parent=\"51\">Demande d&#039;emploi<\/option><option value=\"61\">Mode-habillement<\/option><option value=\"80\" data-level=\"1\" data-parent=\"61\">V\u00e9tement<\/option><option value=\"83\" data-level=\"2\" data-parent=\"80\">v\u00eatement Homme<\/option><option value=\"82\" data-level=\"2\" data-parent=\"80\">V\u00eatement Femme<\/option><option value=\"81\" data-level=\"2\" data-parent=\"80\">V\u00eatement Enfant<\/option><option value=\"106\" data-level=\"1\" data-parent=\"61\">Chaussure<\/option><option value=\"109\" data-level=\"2\" data-parent=\"106\">Chaussure Homme<\/option><option value=\"108\" data-level=\"2\" data-parent=\"106\">Chaussure Femme<\/option><option value=\"107\" data-level=\"2\" data-parent=\"106\">Chaussure Enfant<\/option><option value=\"85\" data-level=\"1\" data-parent=\"61\">Accessoires de mode<\/option><option value=\"88\" data-level=\"2\" data-parent=\"85\">Accessoires Homme<\/option><option value=\"87\" data-level=\"2\" data-parent=\"85\">Accessoires Femme<\/option><option value=\"86\" data-level=\"2\" data-parent=\"85\">Accessoires Enfant<\/option><option value=\"97\" data-level=\"1\" data-parent=\"61\">Bijou<\/option><option value=\"100\" data-level=\"2\" data-parent=\"97\">Bijou Homme<\/option><option value=\"99\" data-level=\"2\" data-parent=\"97\">Bijou Femme<\/option><option value=\"98\" data-level=\"2\" data-parent=\"97\">Bijou Enfant<\/option><option value=\"59\">Maison &amp; jardin<\/option><option value=\"113\" data-level=\"1\" data-parent=\"59\">D\u00e9coration<\/option><option value=\"89\" data-level=\"1\" data-parent=\"59\">Ameublement<\/option><option value=\"101\" data-level=\"1\" data-parent=\"59\">Bricolage<\/option><option value=\"116\" data-level=\"1\" data-parent=\"59\">Electro-m\u00e9nager<\/option><option value=\"65\" data-level=\"1\" data-parent=\"59\">Papeterie &amp; fournitures scolaires<\/option><option value=\"123\" data-level=\"1\" data-parent=\"59\">Linge de maison<\/option><option value=\"93\" data-level=\"1\" data-parent=\"59\">Autres li\u00e9s \u00e0 la maison, &#8230;<\/option><option value=\"71\" data-level=\"1\" data-parent=\"59\">Tout service li\u00e9 \u00e0 la maison, bricolage et jardin<\/option><option value=\"58\">Loisir-distraction<\/option><option value=\"90\" data-level=\"1\" data-parent=\"58\">Antiquit\u00e9<\/option><option value=\"105\" data-level=\"1\" data-parent=\"58\">CD\/DVD<\/option><option value=\"121\" data-level=\"1\" data-parent=\"58\">Instrument de musique<\/option><option value=\"124\" data-level=\"1\" data-parent=\"58\">Livre<\/option><option value=\"122\" data-level=\"1\" data-parent=\"58\">Jeux et jouets<\/option><option value=\"129\" data-level=\"1\" data-parent=\"58\">Loisir cr\u00e9atif<\/option><option value=\"94\" data-level=\"1\" data-parent=\"58\">Autres loisirs et distractions<\/option><option value=\"72\" data-level=\"1\" data-parent=\"58\">Tout service li\u00e9 au loisir et \u00e0 la distraction<\/option><option value=\"50\">Electronique-NTIC<\/option><option value=\"66\" data-level=\"1\" data-parent=\"50\">Photo\/audio\/Video<\/option><option value=\"69\" data-level=\"1\" data-parent=\"50\">T\u00e9l\u00e9phone et accessoires<\/option><option value=\"63\" data-level=\"1\" data-parent=\"50\">Ordinateur, Tablette, liseuse et accessoires informatiques<\/option><option value=\"74\" data-level=\"1\" data-parent=\"50\">TV\/enceintes\/cam\u00e9ra\/casque\/vid\u00e9oprojecteur\/\u00e9couteur et accessoires<\/option><option value=\"117\" data-level=\"1\" data-parent=\"50\">Electrom\u00e9nager<\/option><option value=\"111\" data-level=\"1\" data-parent=\"50\">Console et jeux vid\u00e9o<\/option><option value=\"91\" data-level=\"1\" data-parent=\"50\">Autres \u00e9lectroniques<\/option><option value=\"70\" data-level=\"1\" data-parent=\"50\">Tout service li\u00e9 \u00e0 l&#039;\u00e9lectronique, informatique et NTIC<\/option><option value=\"60\">Mat\u00e9riel-outil pro<\/option><option value=\"130\" data-level=\"1\" data-parent=\"60\">Mat\u00e9riel agricole<\/option><option value=\"119\" data-level=\"1\" data-parent=\"60\">Equipement industriel<\/option><option value=\"102\" data-level=\"1\" data-parent=\"60\">BTP<\/option><option value=\"118\" data-level=\"1\" data-parent=\"60\">Equipement de commerce \u00e9 bureau<\/option><option value=\"64\" data-level=\"1\" data-parent=\"60\">Outillage<\/option><option value=\"92\" data-level=\"1\" data-parent=\"60\">Autres \u00e9quipements professionnels<\/option><option value=\"73\" data-level=\"1\" data-parent=\"60\">Tout service li\u00e9 au mat\u00e9riel et outillage pro<\/option><option value=\"67\">Service<\/option><option value=\"115\" data-level=\"1\" data-parent=\"67\">D\u00e9m\u00e9nagement<\/option><option value=\"132\" data-level=\"1\" data-parent=\"67\">Service de r\u00e9paration m\u00e9canique, \u00e9lectriques, maintenance, etc<\/option><option value=\"120\" data-level=\"1\" data-parent=\"67\">Garde-b\u00e9b\u00e9<\/option><option value=\"68\" data-level=\"1\" data-parent=\"67\">Service \u00e9v\u00e9nementiel (location b\u00e2che, chaise, sono, reportage photo &amp; vid\u00e9o, etc<\/option><option value=\"112\" data-level=\"1\" data-parent=\"67\">Cours particuliers<\/option><option value=\"95\" data-level=\"1\" data-parent=\"67\">Autres services li\u00e9s \u00e0 la maintenance<\/option><\/select><div class=\"hp-form__field hp-form__field--search\"><input type=\"search\" name=\"s\" value=\"\" placeholder=\"Mots-cl\u00e9s\" maxlength=\"256\" class=\"hp-field hp-field--search\"><\/div><div class=\"hp-form__field hp-form__field--location\"><div data-format=\"\" data-countries=\"[]\" data-region-types=\"[&quot;locality&quot;,&quot;administrative_area_level_2&quot;,&quot;administrative_area_level_1&quot;,&quot;country&quot;]\" data-component=\"location\" class=\"hp-field hp-field--location\"><input type=\"text\" name=\"location\" value=\"\" autocomplete=\"off\" placeholder=\"Localisation\" maxlength=\"256\" class=\"hp-field hp-field--text\"><a href=\"#\" title=\"Me localiser\"><i class=\"hp-icon fas fa-location-arrow\"><\/i><\/a><\/div><\/div><\/div><div class=\"hp-form__footer\"><button type=\"submit\" class=\"hp-form__button button-primary alt button hp-field hp-field--submit\"><span>Rechercher<\/span><\/button><\/div><\/form>\n\n\n<div style=\"height:1px\" aria-hidden=\"true\" class=\"wp-block-spacer\"><\/div>\n\n\n\n<h2 class=\"wp-block-heading has-text-align-center content-title\">Top Categories<\/h2>\n\n\n <div class=\"hp-listing-categories hp-grid hp-block\"><div class=\"hp-row\"><div class=\"hp-grid__item hp-col-sm-3 hp-col-xs-12\"><article class=\"hp-listing-category hp-listing-category--view-block\"><header class=\"hp-listing-category__header\"><div class=\"hp-listing-category__image\">\n\t<a href=\"https:\/\/bf.gongonneur.com\/index.php\/listing-category\/immobilier\/\">\n\t\t\t\t\t<img decoding=\"async\" src=\"https:\/\/bf.gongonneur.com\/wp-content\/uploads\/2025\/08\/immobilier_1.jpg\" alt=\"Immobilier\" loading=\"lazy\">\n\t\t\t<\/a>\n<\/div>\n<div class=\"hp-listing-category__item-count hp-listing-category__count\">0 annonce<\/div>\n<\/header><div class=\"hp-listing-category__content\"><h3 class=\"hp-listing-category__name\"><a href=\"https:\/\/bf.gongonneur.com\/index.php\/listing-category\/immobilier\/\">Immobilier<\/a>\n<\/h3><div class=\"hp-listing-category__details hp-listing-category__details--primary\"><\/div>\t<div class=\"hp-listing-category__description\">Annonces immobili\u00e8res gratuites : achetez, vendez ou louez maison, appartement ou terrain pr\u00e8s de chez vous.<\/div>\n\t<\/div><\/article><\/div><div class=\"hp-grid__item hp-col-sm-3 hp-col-xs-12\"><article class=\"hp-listing-category hp-listing-category--view-block\"><header class=\"hp-listing-category__header\"><div class=\"hp-listing-category__image\">\n\t<a href=\"https:\/\/bf.gongonneur.com\/index.php\/listing-category\/vehicule\/\">\n\t\t\t\t\t<img decoding=\"async\" src=\"https:\/\/bf.gongonneur.com\/wp-content\/uploads\/2025\/06\/VEHICULE.jpg\" alt=\"V\u00e9hicule\" loading=\"lazy\">\n\t\t\t<\/a>\n<\/div>\n<div class=\"hp-listing-category__item-count hp-listing-category__count\">0 annonce<\/div>\n<\/header><div class=\"hp-listing-category__content\"><h3 class=\"hp-listing-category__name\"><a href=\"https:\/\/bf.gongonneur.com\/index.php\/listing-category\/vehicule\/\">V\u00e9hicule<\/a>\n<\/h3><div class=\"hp-listing-category__details hp-listing-category__details--primary\"><\/div>\t<div class=\"hp-listing-category__description\">Petites annonces gratuites de voitures, camion, motos et utilitaires. Achetez ou vendez facilement votre v\u00e9hicule d\u2019occasion, pr\u00e8s de chez vous, au Burkina Faso<\/div>\n\t<\/div><\/article><\/div><div class=\"hp-grid__item hp-col-sm-3 hp-col-xs-12\"><article class=\"hp-listing-category hp-listing-category--view-block\"><header class=\"hp-listing-category__header\"><div class=\"hp-listing-category__image\">\n\t<a href=\"https:\/\/bf.gongonneur.com\/index.php\/listing-category\/emploi-job\/\">\n\t\t\t\t\t<img decoding=\"async\" src=\"https:\/\/bf.gongonneur.com\/wp-content\/uploads\/2025\/08\/EMPLOI-JOB.jpg\" alt=\"Emploi\/Job\" loading=\"lazy\">\n\t\t\t<\/a>\n<\/div>\n<div class=\"hp-listing-category__item-count hp-listing-category__count\">0 annonce<\/div>\n<\/header><div class=\"hp-listing-category__content\"><h3 class=\"hp-listing-category__name\"><a href=\"https:\/\/bf.gongonneur.com\/index.php\/listing-category\/emploi-job\/\">Emploi\/Job<\/a>\n<\/h3><div class=\"hp-listing-category__details hp-listing-category__details--primary\"><\/div>\t<div class=\"hp-listing-category__description\">Trouvez un emploi pr\u00e8s de chez vous ou proposez vos offres de job. D\u00e9couvrez des annonces gratuites pour recruteurs et candidats.<\/div>\n\t<\/div><\/article><\/div><div class=\"hp-grid__item hp-col-sm-3 hp-col-xs-12\"><article class=\"hp-listing-category hp-listing-category--view-block\"><header class=\"hp-listing-category__header\"><div class=\"hp-listing-category__image\">\n\t<a href=\"https:\/\/bf.gongonneur.com\/index.php\/listing-category\/mode-habillement-et-accessoires\/\">\n\t\t\t\t\t<img decoding=\"async\" src=\"https:\/\/bf.gongonneur.com\/wp-content\/uploads\/2025\/08\/MODE-HABIT-ACCESSOIRE.png\" alt=\"Mode-habillement\" loading=\"lazy\">\n\t\t\t<\/a>\n<\/div>\n<div class=\"hp-listing-category__item-count hp-listing-category__count\">0 annonce<\/div>\n<\/header><div class=\"hp-listing-category__content\"><h3 class=\"hp-listing-category__name\"><a href=\"https:\/\/bf.gongonneur.com\/index.php\/listing-category\/mode-habillement-et-accessoires\/\">Mode-habillement<\/a>\n<\/h3><div class=\"hp-listing-category__details hp-listing-category__details--primary\"><\/div>\t<div class=\"hp-listing-category__description\">Mode et accessoires, hommes, femmes, enfants \u00e0 petits prix : v\u00eatements, chaussures et sacs. D\u00e9couvrez nos annonces gratuites et trouvez votre style au Burkina<\/div>\n\t<\/div><\/article><\/div><div class=\"hp-grid__item hp-col-sm-3 hp-col-xs-12\"><article class=\"hp-listing-category hp-listing-category--view-block\"><header class=\"hp-listing-category__header\"><div class=\"hp-listing-category__image\">\n\t<a href=\"https:\/\/bf.gongonneur.com\/index.php\/listing-category\/maison-bricolage-et-jardin\/\">\n\t\t\t\t\t<img decoding=\"async\" src=\"https:\/\/bf.gongonneur.com\/wp-content\/uploads\/2025\/08\/MAISON-ET-JARDIN.png\" alt=\"Maison &amp; jardin\" loading=\"lazy\">\n\t\t\t<\/a>\n<\/div>\n<div class=\"hp-listing-category__item-count hp-listing-category__count\">0 annonce<\/div>\n<\/header><div class=\"hp-listing-category__content\"><h3 class=\"hp-listing-category__name\"><a href=\"https:\/\/bf.gongonneur.com\/index.php\/listing-category\/maison-bricolage-et-jardin\/\">Maison &amp; jardin<\/a>\n<\/h3><div class=\"hp-listing-category__details hp-listing-category__details--primary\"><\/div>\t<div class=\"hp-listing-category__description\">Achetez ou vendez outils, meubles et \u00e9quipements de bricolage, d\u00e9coration et jardinage gr\u00e2ce \u00e0 nos annonces gratuites au Burkina Faso.<\/div>\n\t<\/div><\/article><\/div><div class=\"hp-grid__item hp-col-sm-3 hp-col-xs-12\"><article class=\"hp-listing-category hp-listing-category--view-block\"><header class=\"hp-listing-category__header\"><div class=\"hp-listing-category__image\">\n\t<a href=\"https:\/\/bf.gongonneur.com\/index.php\/listing-category\/loisir-et-distraction\/\">\n\t\t\t\t\t<img decoding=\"async\" src=\"https:\/\/bf.gongonneur.com\/wp-content\/uploads\/2025\/08\/LOISIR-ET-DISTACTION.png\" alt=\"Loisir-distraction\" loading=\"lazy\">\n\t\t\t<\/a>\n<\/div>\n<div class=\"hp-listing-category__item-count hp-listing-category__count\">0 annonce<\/div>\n<\/header><div class=\"hp-listing-category__content\"><h3 class=\"hp-listing-category__name\"><a href=\"https:\/\/bf.gongonneur.com\/index.php\/listing-category\/loisir-et-distraction\/\">Loisir-distraction<\/a>\n<\/h3><div class=\"hp-listing-category__details hp-listing-category__details--primary\"><\/div>\t<div class=\"hp-listing-category__description\">Petites annonces gratuites au Burkina pour vos loisirs et distraction : jeux, sport, musique, livres et activit\u00e9s de distraction. Achetez, vendez, \u00e9changez<\/div>\n\t<\/div><\/article><\/div><div class=\"hp-grid__item hp-col-sm-3 hp-col-xs-12\"><article class=\"hp-listing-category hp-listing-category--view-block\"><header class=\"hp-listing-category__header\"><div class=\"hp-listing-category__image\">\n\t<a href=\"https:\/\/bf.gongonneur.com\/index.php\/listing-category\/electronique-informatique-et-ntic\/\">\n\t\t\t\t\t<img decoding=\"async\" src=\"https:\/\/bf.gongonneur.com\/wp-content\/uploads\/2025\/08\/ELECTRONIQUE.png\" alt=\"Electronique-NTIC\" loading=\"lazy\">\n\t\t\t<\/a>\n<\/div>\n<div class=\"hp-listing-category__item-count hp-listing-category__count\">0 annonce<\/div>\n<\/header><div class=\"hp-listing-category__content\"><h3 class=\"hp-listing-category__name\"><a href=\"https:\/\/bf.gongonneur.com\/index.php\/listing-category\/electronique-informatique-et-ntic\/\">Electronique-NTIC<\/a>\n<\/h3><div class=\"hp-listing-category__details hp-listing-category__details--primary\"><\/div>\t<div class=\"hp-listing-category__description\">Annonces gratuites d\u2019ordinateurs, t\u00e9l\u00e9phones, tablettes, cam\u00e9ra, TV et mat\u00e9riel \u00e9lectronique. Achetez ou vendez vos \u00e9quipements NTIC facilement. au Burkina<\/div>\n\t<\/div><\/article><\/div><div class=\"hp-grid__item hp-col-sm-3 hp-col-xs-12\"><article class=\"hp-listing-category hp-listing-category--view-block\"><header class=\"hp-listing-category__header\"><div class=\"hp-listing-category__image\">\n\t<a href=\"https:\/\/bf.gongonneur.com\/index.php\/listing-category\/materiel-et-outillage-professionnels\/\">\n\t\t\t\t\t<img decoding=\"async\" src=\"https:\/\/bf.gongonneur.com\/wp-content\/uploads\/2025\/08\/MATERIEL-PRO.png\" alt=\"Mat\u00e9riel-outil pro\" loading=\"lazy\">\n\t\t\t<\/a>\n<\/div>\n<div class=\"hp-listing-category__item-count hp-listing-category__count\">0 annonce<\/div>\n<\/header><div class=\"hp-listing-category__content\"><h3 class=\"hp-listing-category__name\"><a href=\"https:\/\/bf.gongonneur.com\/index.php\/listing-category\/materiel-et-outillage-professionnels\/\">Mat\u00e9riel-outil pro<\/a>\n<\/h3><div class=\"hp-listing-category__details hp-listing-category__details--primary\"><\/div>\t<div class=\"hp-listing-category__description\">Achetez\/vendez du mat\u00e9riel et outillage professionnel. D\u00e9couvrez des annonces gratuites pour artisans et entreprises, BTP, mat agricole, grue de chantier.<\/div>\n\t<\/div><\/article><\/div><div class=\"hp-grid__item hp-col-sm-3 hp-col-xs-12\"><article class=\"hp-listing-category hp-listing-category--view-block\"><header class=\"hp-listing-category__header\"><div class=\"hp-listing-category__image\">\n\t<a href=\"https:\/\/bf.gongonneur.com\/index.php\/listing-category\/service-et-maintenance\/\">\n\t\t\t\t\t<img decoding=\"async\" src=\"https:\/\/bf.gongonneur.com\/wp-content\/uploads\/2025\/08\/services.png\" alt=\"Service\" loading=\"lazy\">\n\t\t\t<\/a>\n<\/div>\n<div class=\"hp-listing-category__item-count hp-listing-category__count\">0 annonce<\/div>\n<\/header><div class=\"hp-listing-category__content\"><h3 class=\"hp-listing-category__name\"><a href=\"https:\/\/bf.gongonneur.com\/index.php\/listing-category\/service-et-maintenance\/\">Service<\/a>\n<\/h3><div class=\"hp-listing-category__details hp-listing-category__details--primary\"><\/div>\t<div class=\"hp-listing-category__description\">&#8211; D\u00e9m\u00e9nagement\r\n-Service de r\u00e9paration m\u00e9canique, \u00e9lectrique, maintenance,\r\n&#8211; Garde-b\u00e9b\u00e9 \r\n&#8211; Service \u00e9v\u00e9nementiel (location b\u00e2che, chaise, sono, reportage photo &amp; vid\u00e9o, etc)\r\n&#8211; Cours particuliers\r\n&#8211; Autres services li\u00e9s \u00e0 la maintenance<\/div>\n\t<\/div><\/article><\/div><\/div><\/div>\n\n\n<h2 class=\"wp-block-heading has-text-align-center content-title\">Recent Listings<\/h2>\n\n\n ","protected":false},"excerpt":{"rendered":"<p>Petites-Annonces au BURKINA. Recherch\u00e9, c\u2019est retrouv\u00e9 !Paru, c\u2019est aussit\u00f4t vendu !<\/p>\n","protected":false},"author":1,"featured_media":343,"parent":0,"menu_order":0,"comment_status":"closed","ping_status":"closed","template":"","meta":{"slim_seo":{"title":"Petites-Annonces gratuites au BURKINA","description":"Petites-Annonces au BURKINA. Recherch\u00e9, c\u2019est retrouv\u00e9 ! Paru, c\u2019est aussit\u00f4t vendu ! Top Categories Recent Listings"},"footnotes":""},"class_list":["post-8","page","type-page","status-publish","has-post-thumbnail","hentry"],"_links":{"self":[{"href":"https:\/\/bf.gongonneur.com\/index.php\/wp-json\/wp\/v2\/pages\/8","targetHints":{"allow":["GET"]}}],"collection":[{"href":"https:\/\/bf.gongonneur.com\/index.php\/wp-json\/wp\/v2\/pages"}],"about":[{"href":"https:\/\/bf.gongonneur.com\/index.php\/wp-json\/wp\/v2\/types\/page"}],"author":[{"embeddable":true,"href":"https:\/\/bf.gongonneur.com\/index.php\/wp-json\/wp\/v2\/users\/1"}],"replies":[{"embeddable":true,"href":"https:\/\/bf.gongonneur.com\/index.php\/wp-json\/wp\/v2\/comments?post=8"}],"version-history":[{"count":5,"href":"https:\/\/bf.gongonneur.com\/index.php\/wp-json\/wp\/v2\/pages\/8\/revisions"}],"predecessor-version":[{"id":398,"href":"https:\/\/bf.gongonneur.com\/index.php\/wp-json\/wp\/v2\/pages\/8\/revisions\/398"}],"wp:featuredmedia":[{"embeddable":true,"href":"https:\/\/bf.gongonneur.com\/index.php\/wp-json\/wp\/v2\/media\/343"}],"wp:attachment":[{"href":"https:\/\/bf.gongonneur.com\/index.php\/wp-json\/wp\/v2\/media?parent=8"}],"curies":[{"name":"wp","href":"https:\/\/api.w.org\/{rel}","templated":true}]}}