{"id":307,"date":"2025-06-03T11:14:27","date_gmt":"2025-06-03T09:14:27","guid":{"rendered":"https:\/\/bf.mestisanes.com\/?page_id=200"},"modified":"2025-06-03T11:14:27","modified_gmt":"2025-06-03T09:14:27","slug":"securite-et-vigilance","status":"publish","type":"page","link":"https:\/\/bf.gongonneur.com\/index.php\/securite-et-vigilance\/","title":{"rendered":"S\u00e9curit\u00e9 et vigilance"},"content":{"rendered":"\n<p class=\"has-black-color has-text-color has-link-color wp-elements-b78ee40771da8e8c66919dc4ad11b9b2\">SECURITE ET VIGILANCE (Liste non exhaustive)<br>Nous ne serons pas fatigu\u00e9s de le r\u00e9p\u00e9ter, Soyez vigilant en tout lieu et \u00e0 tout moment.<br>\u2013 Ne faites jamais un transfert d\u2019argent sans avoir vu et touch\u00e9 l\u2019objet \u00e0 vendre,<br>\u2013 Ne jamais accepter une livraison par La Poste ou par un taxi, votre produit pourrait ne jamais vous parvenir,<br>\u2013 Si pour conclure la vente il va falloir se rencontrer, donner rendez-vous dans un lieu public bien fr\u00e9quent\u00e9 en plein jour. Si possible, se faire accompagner par un ami, un voisin, un parent, etc. Ne manquez pas d&rsquo;imagination dans les initiatives li\u00e9es \u00e0 votre propre s\u00e9curit\u00e9 et vigilance<br>\u2013 Bien v\u00e9rifier l\u2019article avant de s\u2019y engager !<br>\u2013 Faire aussi tr\u00e8s attention envers un Annonceur qui, d\u00e8s le premier appel t\u00e9l\u00e9phonique commence \u00e0 vous harceler et vous mettre la pression par des appels incessants et ind\u00e9sirables pour vous contraindre \u00e0 acheter son produit,<br>\u2013 Attention aussi aux prix trop all\u00e9chants (trop bas), cela pourra cacher un pi\u00e8ge, une arnaque, etc ! VIGILANCE !<br>\u2013 M\u00e9fiez-vous aussi de l\u2019Acheteur qui ne vous laisse pas le temps d\u2019inspecter l\u2019objet en vente.<br>La meilleure protection, c&rsquo;est votre vigilance. Ne vous lassez pas d&rsquo;\u00eatre vigilant !<\/p>\n\n\n\n<p><\/p>\n\n\n\n<p class=\"has-vivid-red-color has-text-color has-link-color has-medium-font-size wp-elements-c37fd9012bca29205bb24ae9b47411e5\"><strong>VIGILANCE&nbsp;! VIGILANCE&nbsp;! ET ENCORE VIGILANCE&nbsp;!<br>Nous n\u2019arbitrons aucun conflit&nbsp;et&nbsp;nous ne sommes pas responsables de l\u2019annonce et\/ou de son contenu.<\/strong><\/p>\n","protected":false},"excerpt":{"rendered":"<p>SECURITE ET VIGILANCE (Liste non exhaustive)Nous ne serons pas fatigu\u00e9s de le r\u00e9p\u00e9ter, Soyez vigilant en tout lieu et \u00e0 tout moment.\u2013 Ne faites jamais un transfert d\u2019argent sans avoir vu et touch\u00e9 l\u2019objet \u00e0 vendre,\u2013 Ne jamais accepter une livraison par La Poste ou par un taxi, votre produit pourrait ne jamais vous parvenir,\u2013 [&hellip;]<\/p>\n","protected":false},"author":1,"featured_media":0,"parent":0,"menu_order":0,"comment_status":"closed","ping_status":"closed","template":"","meta":{"slim_seo":{"title":"S\u00e9curit\u00e9 et vigilance - Petites-Annonces gratuites au BURKINA","description":"SECURITE ET VIGILANCE (Liste non exhaustive) Nous ne serons pas fatigu\u00e9s de le r\u00e9p\u00e9ter, Soyez vigilant en tout lieu et \u00e0 tout moment. \u2013 Ne faites jamais un tran"},"footnotes":""},"class_list":["post-307","page","type-page","status-publish","hentry"],"_links":{"self":[{"href":"https:\/\/bf.gongonneur.com\/index.php\/wp-json\/wp\/v2\/pages\/307","targetHints":{"allow":["GET"]}}],"collection":[{"href":"https:\/\/bf.gongonneur.com\/index.php\/wp-json\/wp\/v2\/pages"}],"about":[{"href":"https:\/\/bf.gongonneur.com\/index.php\/wp-json\/wp\/v2\/types\/page"}],"author":[{"embeddable":true,"href":"https:\/\/bf.gongonneur.com\/index.php\/wp-json\/wp\/v2\/users\/1"}],"replies":[{"embeddable":true,"href":"https:\/\/bf.gongonneur.com\/index.php\/wp-json\/wp\/v2\/comments?post=307"}],"version-history":[{"count":0,"href":"https:\/\/bf.gongonneur.com\/index.php\/wp-json\/wp\/v2\/pages\/307\/revisions"}],"wp:attachment":[{"href":"https:\/\/bf.gongonneur.com\/index.php\/wp-json\/wp\/v2\/media?parent=307"}],"curies":[{"name":"wp","href":"https:\/\/api.w.org\/{rel}","templated":true}]}}